{"id":45,"date":"2014-11-17T12:28:30","date_gmt":"2014-11-17T10:28:30","guid":{"rendered":"https:\/\/huvikoolideliit.ee\/?page_id=45"},"modified":"2019-07-15T20:50:38","modified_gmt":"2019-07-15T17:50:38","slug":"kasulik-info","status":"publish","type":"page","link":"https:\/\/huvikoolideliit.ee\/ru\/kasulik-info\/","title":{"rendered":"\u041f\u041e\u041b\u0415\u0417\u041d\u0410\u042f \u0418\u041d\u0424\u041e\u0420\u041c\u0410\u0426\u0418\u042f"},"content":{"rendered":"<p><strong>Tartu \u00dclikooli Teaduskool<\/strong><\/p>\n<div>\n<div>Sellelt lehek\u00fcljelt leiate palju p\u00f5nevat!<br \/>\nTutvu SIIN: <a href=\"http:\/\/www.teaduskool.ut.ee\/et\" target=\"_blank\" rel=\"noopener noreferrer\">http:\/\/www.teaduskool.ut.ee\/et<\/a><\/div>\n<div>AVASTA ENDAS GEENIUS!<\/p>\n<hr \/>\n<\/div>\n<\/div>","protected":false},"excerpt":{"rendered":"<p>Tartu \u00dclikooli Teaduskool Sellelt lehek\u00fcljelt leiate palju p\u00f5nevat! Tutvu SIIN: http:\/\/www.teaduskool.ut.ee\/et AVASTA ENDAS GEENIUS!<\/p>","protected":false},"author":1,"featured_media":0,"parent":0,"menu_order":0,"comment_status":"closed","ping_status":"open","template":"","meta":{"_uag_custom_page_level_css":"","_exactmetrics_skip_tracking":false,"_exactmetrics_sitenote_active":false,"_exactmetrics_sitenote_note":"","_exactmetrics_sitenote_category":0,"neve_meta_sidebar":"","neve_meta_container":"","neve_meta_enable_content_width":"","neve_meta_content_width":70,"neve_meta_title_alignment":"","neve_meta_author_avatar":"","neve_post_elements_order":"","neve_meta_disable_header":"","neve_meta_disable_footer":"","neve_meta_disable_title":"","footnotes":""},"class_list":["post-45","page","type-page","status-publish","hentry"],"uagb_featured_image_src":{"full":false,"thumbnail":false,"medium":false,"medium_large":false,"large":false,"1536x1536":false,"2048x2048":false,"trp-custom-language-flag":false,"neve-blog":false,"_nx_notification_thumb_100_100":false,"_nx_notification_thumb_200_200":false,"_nx_notification_thumb_300_300":false,"_nx_notification_thumb_400_400":false,"_nx_notification_thumb_500_500":false},"uagb_author_info":{"display_name":"EHKL","author_link":"https:\/\/huvikoolideliit.ee\/ru\/author\/primera\/"},"uagb_comment_info":0,"uagb_excerpt":"Tartu \u00dclikooli Teaduskool Sellelt lehek\u00fcljelt leiate palju p\u00f5nevat! Tutvu SIIN: http:\/\/www.teaduskool.ut.ee\/et AVASTA ENDAS GEENIUS!","_links":{"self":[{"href":"https:\/\/huvikoolideliit.ee\/ru\/wp-json\/wp\/v2\/pages\/45","targetHints":{"allow":["GET"]}}],"collection":[{"href":"https:\/\/huvikoolideliit.ee\/ru\/wp-json\/wp\/v2\/pages"}],"about":[{"href":"https:\/\/huvikoolideliit.ee\/ru\/wp-json\/wp\/v2\/types\/page"}],"author":[{"embeddable":true,"href":"https:\/\/huvikoolideliit.ee\/ru\/wp-json\/wp\/v2\/users\/1"}],"replies":[{"embeddable":true,"href":"https:\/\/huvikoolideliit.ee\/ru\/wp-json\/wp\/v2\/comments?post=45"}],"version-history":[{"count":0,"href":"https:\/\/huvikoolideliit.ee\/ru\/wp-json\/wp\/v2\/pages\/45\/revisions"}],"wp:attachment":[{"href":"https:\/\/huvikoolideliit.ee\/ru\/wp-json\/wp\/v2\/media?parent=45"}],"curies":[{"name":"wp","href":"https:\/\/api.w.org\/{rel}","templated":true}]}}