{"id":366,"date":"2019-07-04T01:06:50","date_gmt":"2019-07-03T22:06:50","guid":{"rendered":"https:\/\/huvikoolideliit.ee\/?page_id=366"},"modified":"2025-09-28T22:53:30","modified_gmt":"2025-09-28T19:53:30","slug":"dokumendid","status":"publish","type":"page","link":"https:\/\/huvikoolideliit.ee\/ru\/dokumendid\/","title":{"rendered":"\u0414\u043e\u043a\u0443\u043c\u0435\u043d\u0442\u044b"},"content":{"rendered":"<div data-elementor-type=\"wp-post\" data-elementor-id=\"366\" class=\"elementor elementor-366\" data-elementor-settings=\"{&quot;ha_cmc_init_switcher&quot;:&quot;no&quot;}\">\n\t\t\t\t\t\t<section class=\"elementor-section elementor-top-section elementor-element elementor-element-6cf7b8b elementor-section-boxed elementor-section-height-default elementor-section-height-default\" data-id=\"6cf7b8b\" data-element_type=\"section\" data-e-type=\"section\" data-settings=\"{&quot;_ha_eqh_enable&quot;:false}\">\n\t\t\t\t\t\t<div class=\"elementor-container elementor-column-gap-default\">\n\t\t\t\t\t<div class=\"elementor-column elementor-col-100 elementor-top-column elementor-element elementor-element-1a27b22\" data-id=\"1a27b22\" data-element_type=\"column\" data-e-type=\"column\">\n\t\t\t<div class=\"elementor-widget-wrap elementor-element-populated\">\n\t\t\t\t\t\t<div class=\"elementor-element elementor-element-e960c4d elementor-widget elementor-widget-text-editor\" data-id=\"e960c4d\" data-element_type=\"widget\" data-e-type=\"widget\" data-widget_type=\"text-editor.default\">\n\t\t\t\t<div class=\"elementor-widget-container\">\n\t\t\t\t\t\t\t\t\t<h3 class=\"translation-block\"><a href=\"https:\/\/huvikoolideliit.ee\/wp-content\/uploads\/2019\/11\/MTU-Eesti-Huvikoolide-Liidu-pohikiri-2019.pdf\" target=\"_self\" rel=\"noopener noreferrer\">\u0423\u0421\u0422\u0410\u0412 <\/a>\u043d\u0435\u043a\u043e\u043c\u043c\u0435\u0440\u0447\u0435\u0441\u043a\u043e\u0433\u043e \u043e\u0431\u044a\u0435\u0434\u0438\u043d\u0435\u043d\u0438\u044f \u042d\u0441\u0442\u043e\u043d\u0441\u043a\u0438\u0439 \u0421\u043e\u044e\u0437 \u0448\u043a\u043e\u043b \u043f\u043e \u0438\u043d\u0442\u0435\u0440\u0435\u0441\u0430\u043c<\/h3><h3>Eesti Huvikoolide Liidu <a href=\"https:\/\/huvikoolideliit.ee\/wp-content\/uploads\/2024\/12\/EHKL-Arengukava-2021-2025.pdf\" target=\"_blank\" rel=\"noopener\">ARENGUKAVA<\/a> 2021 &#8211; 2025<\/h3>\t\t\t\t\t\t\t\t<\/div>\n\t\t\t\t<\/div>\n\t\t\t\t\t<\/div>\n\t\t<\/div>\n\t\t\t\t\t<\/div>\n\t\t<\/section>\n\t\t\t\t<section class=\"elementor-section elementor-top-section elementor-element elementor-element-43d0b662 elementor-section-boxed elementor-section-height-default elementor-section-height-default\" data-id=\"43d0b662\" data-element_type=\"section\" data-e-type=\"section\" data-settings=\"{&quot;_ha_eqh_enable&quot;:false}\">\n\t\t\t\t\t\t<div class=\"elementor-container elementor-column-gap-default\">\n\t\t\t\t\t<div class=\"elementor-column elementor-col-33 elementor-top-column elementor-element elementor-element-3571a59f\" data-id=\"3571a59f\" data-element_type=\"column\" data-e-type=\"column\">\n\t\t\t<div class=\"elementor-widget-wrap elementor-element-populated\">\n\t\t\t\t\t\t<div class=\"elementor-element elementor-element-a20342c elementor-widget elementor-widget-text-editor\" data-id=\"a20342c\" data-element_type=\"widget\" data-e-type=\"widget\" data-widget_type=\"text-editor.default\">\n\t\t\t\t<div class=\"elementor-widget-container\">\n\t\t\t\t\t\t\t\t\t<h3 class=\"widget-title\">\u0417\u0410\u041a\u041e\u041d\u042b<\/h3><p><a href=\"https:\/\/www.riigiteataja.ee\/akt\/968165?leiaKehtiv\" target=\"_blank\" rel=\"noopener\">\u0417\u0430\u043a\u043e\u043d \u043e\u0431 \u043e\u0431\u0440\u0430\u0437\u043e\u0432\u0430\u043d\u0438\u0438<\/a><\/p><div class=\"siteorigin-widget-tinymce textwidget\"><p><a href=\"https:\/\/www.riigiteataja.ee\/akt\/104072017039?leiaKehtiv\" target=\"_blank\" rel=\"noopener noreferrer\">\u0417\u0430\u043a\u043e\u043d \u043f\u043e \u043c\u043e\u043b\u043e\u0434\u0435\u0436\u043d\u043e\u0439 \u0440\u0430\u0431\u043e\u0442\u0435<\/a><\/p><p><a href=\"https:\/\/www.riigiteataja.ee\/akt\/104072017036?leiaKehtiv\" target=\"_blank\" rel=\"noopener noreferrer\">\u0417\u0430\u043a\u043e\u043d \u043f\u043e \u0448\u043a\u043e\u043b\u0430\u043c \u043f\u043e \u0438\u043d\u0442\u0435\u0440\u0435\u0441\u0430\u043c<\/a><\/p><p><a href=\"https:\/\/www.riigiteataja.ee\/ert\/act.jsp?id=13335902?leiaKehtiv\" target=\"_blank\" rel=\"noopener noreferrer\">\u0417\u0430\u043a\u043e\u043d \u043e \u0441\u0430\u043d\u043a\u0446\u0438\u044f\u0445 \u0432 \u043e\u0442\u043d\u043e\u0448\u0435\u043d\u0438\u0438 \u043d\u0435\u0441\u043e\u0432\u0435\u0440\u0448\u0435\u043d\u043d\u043e\u043b\u0435\u0442\u043d\u0438\u0445<\/a><\/p><p><a href=\"https:\/\/www.riigiteataja.ee\/akt\/119032019085?leiaKehtiv\" target=\"_blank\" rel=\"noopener\">\u0417\u0430\u043a\u043e\u043d \u043e \u0447\u0430\u0441\u0442\u043d\u044b\u0445 \u0448\u043a\u043e\u043b\u0430\u0445<\/a><\/p><\/div>\t\t\t\t\t\t\t\t<\/div>\n\t\t\t\t<\/div>\n\t\t\t\t<div class=\"elementor-element elementor-element-0d4e993 elementor-widget elementor-widget-text-editor\" data-id=\"0d4e993\" data-element_type=\"widget\" data-e-type=\"widget\" data-widget_type=\"text-editor.default\">\n\t\t\t\t<div class=\"elementor-widget-container\">\n\t\t\t\t\t\t\t\t\t<h3 class=\"widget-title\">\u041d\u041e\u0420\u041c\u0410\u0422\u0418\u0412\u041d\u042b\u0415 \u0414\u041e\u041a\u0423\u041c\u0415\u041d\u0422\u042b<\/h3><div class=\"siteorigin-widget-tinymce textwidget\"><p><a href=\"https:\/\/www.riigiteataja.ee\/ert\/act.jsp?id=12809661?leiaKehtiv\" target=\"_blank\" rel=\"noopener noreferrer\">\u0421\u0442\u0430\u043d\u0434\u0430\u0440\u0442 \u043e\u0431\u0440\u0430\u0437\u043e\u0432\u0430\u043d\u0438\u044f \u043f\u043e \u0438\u043d\u0442\u0435\u0440\u0435\u0441\u0430\u043c<\/a><\/p><p><a href=\"https:\/\/www.hm.ee\/sites\/default\/files\/huvikooli_seadus_kommentaaridega_ja_huviharidusstandard.pdf\" target=\"_blank\" rel=\"noopener noreferrer\">\u0418\u0441\u043f\u043e\u043b\u043d\u0438\u0442\u0435\u043b\u044c\u043d\u0430\u044f \u0432\u0435\u0440\u0441\u0438\u044f \u0417\u0430\u043a\u043e\u043d\u0430 \u043e \u0448\u043a\u043e\u043b\u0430\u0445 \u043f\u043e \u0438\u043d\u0442\u0435\u0440\u0435\u0441\u0430\u043c \u0438 \u0421\u0442\u0430\u043d\u0434\u0430\u0440\u0442\u0430 \u043e\u0431\u0440\u0430\u0437\u043e\u0432\u0430\u043d\u0438\u044f \u043f\u043e \u0438\u043d\u0442\u0435\u0440\u0435\u0441\u0430\u043c (2007)<\/a><\/p><p><a href=\"https:\/\/www.riigiteataja.ee\/akt\/119062013009?leiaKehtiv\" target=\"_blank\" rel=\"noopener\">\u0423\u0441\u043b\u043e\u0432\u0438\u044f \u043f\u0440\u043e\u0432\u0435\u0434\u0435\u043d\u0438\u044f \u043c\u0435\u0440\u043e\u043f\u0440\u0438\u044f\u0442\u0438\u044f \u043f\u043e \u043c\u043e\u0434\u0435\u0440\u043d\u0438\u0437\u0430\u0446\u0438\u0438 \u0438\u043d\u0444\u0440\u0430\u0441\u0442\u0440\u0443\u043a\u0442\u0443\u0440\u044b \u043e\u0442\u043a\u0440\u044b\u0442\u044b\u0445 \u043c\u043e\u043b\u043e\u0434\u0435\u0436\u043d\u044b\u0445 \u0446\u0435\u043d\u0442\u0440\u043e\u0432, \u0438\u043d\u0444\u043e\u0440\u043c\u0430\u0446\u0438\u043e\u043d\u043d\u043e-\u043a\u043e\u043d\u0441\u0443\u043b\u044c\u0442\u0430\u0446\u0438\u043e\u043d\u043d\u044b\u0445 \u0446\u0435\u043d\u0442\u0440\u043e\u0432 \u0438 \u0448\u043a\u043e\u043b \u043f\u043e \u0438\u043d\u0442\u0435\u0440\u0435\u0441\u0430\u043c \u0438 \u043f\u043e\u0440\u044f\u0434\u043e\u043a \u043f\u043e\u0434\u0433\u043e\u0442\u043e\u0432\u043a\u0438 \u0438\u043d\u0432\u0435\u0441\u0442\u0438\u0446\u0438\u043e\u043d\u043d\u043e\u0433\u043e \u043f\u043b\u0430\u043d\u0430<\/a> (\u043f\u0435\u0440\u0438\u043e\u0434 2007-2013)<\/p><\/div>\t\t\t\t\t\t\t\t<\/div>\n\t\t\t\t<\/div>\n\t\t\t\t\t<\/div>\n\t\t<\/div>\n\t\t\t\t<div class=\"elementor-column elementor-col-33 elementor-top-column elementor-element elementor-element-f8899c9\" data-id=\"f8899c9\" data-element_type=\"column\" data-e-type=\"column\">\n\t\t\t<div class=\"elementor-widget-wrap elementor-element-populated\">\n\t\t\t\t\t\t<div class=\"elementor-element elementor-element-d20fb20 elementor-widget elementor-widget-text-editor\" data-id=\"d20fb20\" data-element_type=\"widget\" data-e-type=\"widget\" data-widget_type=\"text-editor.default\">\n\t\t\t\t<div class=\"elementor-widget-container\">\n\t\t\t\t\t\t\t\t\t<h3 class=\"widget-title\">N\u00c4IDISED (uuendamisel, pole hetkel k\u00e4ttesaadavad)<\/h3><div class=\"siteorigin-widget-tinymce textwidget\"><p><a href=\"https:\/\/www.dropbox.com\/sh\/jnqmxd03u18ge8w\/AAAKqhglUiViytYaMzch2x--a\/HUVIKOOLI%20%C3%95PPEKAVA%20%C3%9CLDOSA.doc?dl=0\" target=\"_blank\" rel=\"noopener noreferrer\">\u0423\u0447\u0435\u0431\u043d\u0430\u044f \u043f\u0440\u043e\u0433\u0440\u0430\u043c\u043c\u0430 \u0448\u043a\u043e\u043b\u044b \u043f\u043e \u0438\u043d\u0442\u0435\u0440\u0435\u0441\u0430\u043c<\/a><\/p><p><a href=\"https:\/\/www.dropbox.com\/sh\/jnqmxd03u18ge8w\/AADdGN9VpWFXil1zGLe41SQqa\/HINDAMISJUHEND%20N%C3%84IDIS.doc?dl=0\" target=\"_blank\" rel=\"noopener noreferrer\">\u0420\u0443\u043a\u043e\u0432\u043e\u0434\u0441\u0442\u0432\u043e \u043f\u043e \u043e\u0446\u0435\u043d\u043a\u0435<\/a><\/p><p style=\"padding-left: 40px;\"><strong>\u041e\u0431\u0440\u0430\u0437\u0446\u044b \u0443\u0447\u0435\u0431\u043d\u044b\u0445 \u043f\u0440\u043e\u0433\u0440\u0430\u043c\u043c<\/strong><\/p><p style=\"padding-left: 40px;\"><a href=\"https:\/\/www.dropbox.com\/sh\/jnqmxd03u18ge8w\/AACdFgpH6sFq1T1l_GMLd51Fa\/LOODUS?dl=0\" target=\"_blank\" rel=\"noopener noreferrer\">\u041f\u0440\u0438\u0440\u043e\u0434\u0430<\/a><\/p><p style=\"padding-left: 40px;\"><a href=\"https:\/\/www.dropbox.com\/sh\/jnqmxd03u18ge8w\/AACRC_pTSSGLzkttSkFG855Ca\/SPORT?dl=0\" target=\"_blank\" rel=\"noopener noreferrer\">\u0421\u043f\u043e\u0440\u0442<\/a><\/p><p style=\"padding-left: 40px;\"><a href=\"https:\/\/www.dropbox.com\/sh\/jnqmxd03u18ge8w\/AABxkPZjKjCo7ADFaQYpTuLba\/TANTS?dl=0\" target=\"_blank\" rel=\"noopener noreferrer\">\u0422\u0430\u043d\u0435\u0446<\/a><\/p><p style=\"padding-left: 40px;\"><a href=\"https:\/\/www.dropbox.com\/sh\/jnqmxd03u18ge8w\/AABgI4mpP8oU6K0eRd5UnyA8a\/TEHNIKA?dl=0\" target=\"_blank\" rel=\"noopener noreferrer\">\u0422\u0435\u0445\u043d\u0438\u043a\u0430<\/a><\/p><p style=\"padding-left: 40px;\"><a href=\"https:\/\/www.dropbox.com\/sh\/jnqmxd03u18ge8w\/AACmzglkFXpqN0edLqM6VZNqa\/%C3%9CLDKULTUUR?dl=0\" target=\"_blank\" rel=\"noopener noreferrer\">\u041e\u0431\u0449\u0430\u044f \u043a\u0443\u043b\u044c\u0442\u0443\u0440\u0430<\/a><\/p><\/div>\t\t\t\t\t\t\t\t<\/div>\n\t\t\t\t<\/div>\n\t\t\t\t<div class=\"elementor-element elementor-element-e753bf9 elementor-widget elementor-widget-text-editor\" data-id=\"e753bf9\" data-element_type=\"widget\" data-e-type=\"widget\" data-widget_type=\"text-editor.default\">\n\t\t\t\t<div class=\"elementor-widget-container\">\n\t\t\t\t\t\t\t\t\t<h3 class=\"elementor-heading-title elementor-size-medium\">\u00d5PETAJAEETIKA KOODEKS<\/h3><div class=\"siteorigin-widget-tinymce textwidget\"><p>\u00a0<\/p><p><a href=\"https:\/\/huvikoolideliit.ee\/ru\/staging\/eesti-opetajaeetika-koodeks\/\" target=\"_blank\" rel=\"noopener\">Eesti \u00f5petajaeetika koodeks<\/a><\/p><\/div>\t\t\t\t\t\t\t\t<\/div>\n\t\t\t\t<\/div>\n\t\t\t\t\t<\/div>\n\t\t<\/div>\n\t\t\t\t<div class=\"elementor-column elementor-col-33 elementor-top-column elementor-element elementor-element-a817d52\" data-id=\"a817d52\" data-element_type=\"column\" data-e-type=\"column\">\n\t\t\t<div class=\"elementor-widget-wrap elementor-element-populated\">\n\t\t\t\t\t\t<div class=\"elementor-element elementor-element-ea50a78 elementor-widget elementor-widget-text-editor\" data-id=\"ea50a78\" data-element_type=\"widget\" data-e-type=\"widget\" data-widget_type=\"text-editor.default\">\n\t\t\t\t<div class=\"elementor-widget-container\">\n\t\t\t\t\t\t\t\t\t<h3 class=\"widget-title\">\u041f\u0420\u041e\u0413\u0420\u0410\u041c\u041c\u042b \u0420\u0410\u0417\u0412\u0418\u0422\u0418\u042f<\/h3><div class=\"siteorigin-widget-tinymce textwidget\"><p><a href=\"https:\/\/www.hm.ee\/ministeerium-uudised-ja-kontakt\/ministeerium\/strateegilised-alusdokumendid-ja-programmid?view_instance=1&amp;current_page=1#noortevaldkonna-aren--accordion\" target=\"_blank\" rel=\"noopener\">Noortevaldkonna arengukava 2021-2035<\/a><\/p><p><a href=\"http:\/\/www.hm.ee\/sites\/default\/files\/noortevaldkonna_arengukava_2014-2020.pdf\" target=\"_blank\" rel=\"noopener noreferrer\">\u041f\u043b\u0430\u043d \u0440\u0430\u0437\u0432\u0438\u0442\u0438\u044f \u043c\u043e\u043b\u043e\u0434\u0435\u0436\u043d\u043e\u0439 \u0441\u0444\u0435\u0440\u044b 2014-2020<\/a><\/p><p><a href=\"http:\/\/www.hm.ee\/sites\/default\/files\/rakendusplaan_nak_uuendused_2508_allkirjastamiseks.xlsx\" target=\"_blank\" rel=\"noopener noreferrer\">\u041f\u043b\u0430\u043d \u0440\u0435\u0430\u043b\u0438\u0437\u0430\u0446\u0438\u0438 \u043f\u0440\u043e\u0433\u0440\u0430\u043c\u043c\u044b \u0440\u0430\u0437\u0432\u0438\u0442\u0438\u044f \u043c\u043e\u043b\u043e\u0434\u0435\u0436\u043d\u043e\u0439 \u0441\u0444\u0435\u0440\u044b 2014-2017<\/a><\/p><p><a href=\"https:\/\/www.hm.ee\/ministeerium-uudised-ja-kontakt\/ministeerium\/strateegilised-alusdokumendid-ja-programmid#haridusvaldkonna-are--accordion\" target=\"_blank\" rel=\"noopener\">Haridusvaldkonna arengukava 2021\u20132035<\/a><\/p><p><a href=\"https:\/\/www.hm.ee\/ministeerium-uudised-ja-kontakt\/ministeerium\/strateegilised-alusdokumendid-ja-programmid?view_instance=2&amp;current_page=1#haridus-ja-noortepr--accordion\" target=\"_blank\" rel=\"noopener\">Haridus- ja noorteprogramm 2022-2025<\/a><\/p><\/div>\t\t\t\t\t\t\t\t<\/div>\n\t\t\t\t<\/div>\n\t\t\t\t<div class=\"elementor-element elementor-element-db20e5a elementor-widget elementor-widget-text-editor\" data-id=\"db20e5a\" data-element_type=\"widget\" data-e-type=\"widget\" data-widget_type=\"text-editor.default\">\n\t\t\t\t<div class=\"elementor-widget-container\">\n\t\t\t\t\t\t\t\t\t<div class=\"siteorigin-widget-tinymce textwidget\"><h3>\u0418\u0421\u0421\u041b\u0415\u0414\u041e\u0412\u0410\u041d\u0418\u042f<\/h3><p><a href=\"https:\/\/dspace.ut.ee\/handle\/10062\/55423\" target=\"_blank\" rel=\"noopener\">\u041f\u0440\u043e\u0432\u0430\u0439\u0434\u0435\u0440\u044b \u043e\u0431\u0440\u0430\u0437\u043e\u0432\u0430\u043d\u0438\u044f \u0438 \u0437\u0430\u043d\u044f\u0442\u0438\u0439 \u043f\u043e \u0438\u043d\u0442\u0435\u0440\u0435\u0441\u0430\u043c \u0438 \u043c\u043e\u043b\u043e\u0434\u0435\u0436\u043d\u044b\u0435 \u0440\u0430\u0431\u043e\u0442\u043d\u0438\u043a\u0438 \u0432 \u043e\u0440\u0433\u0430\u043d\u0430\u0445 \u043c\u0435\u0441\u0442\u043d\u043e\u0433\u043e \u0441\u0430\u043c\u043e\u0443\u043f\u0440\u0430\u0432\u043b\u0435\u043d\u0438\u044f<\/a> (Tartu \u00dclikooli RAKE, \u043e\u043a\u0442. 2016)<\/p><\/div>\t\t\t\t\t\t\t\t<\/div>\n\t\t\t\t<\/div>\n\t\t\t\t\t<\/div>\n\t\t<\/div>\n\t\t\t\t\t<\/div>\n\t\t<\/section>\n\t\t\t\t<section class=\"elementor-section elementor-top-section elementor-element elementor-element-91cf99a elementor-section-boxed elementor-section-height-default elementor-section-height-default\" data-id=\"91cf99a\" data-element_type=\"section\" data-e-type=\"section\" data-settings=\"{&quot;_ha_eqh_enable&quot;:false}\">\n\t\t\t\t\t\t<div class=\"elementor-container elementor-column-gap-default\">\n\t\t\t\t\t<div class=\"elementor-column elementor-col-100 elementor-top-column elementor-element elementor-element-f87ee1b\" data-id=\"f87ee1b\" data-element_type=\"column\" data-e-type=\"column\">\n\t\t\t<div class=\"elementor-widget-wrap elementor-element-populated\">\n\t\t\t\t\t\t<div class=\"elementor-element elementor-element-18d56bc elementor-widget elementor-widget-image\" data-id=\"18d56bc\" data-element_type=\"widget\" data-e-type=\"widget\" data-widget_type=\"image.default\">\n\t\t\t\t<div class=\"elementor-widget-container\">\n\t\t\t\t\t\t\t\t\t\t\t\t\t\t\t\t<a href=\"https:\/\/huvikoolideliit.ee\/staging\/wp-content\/uploads\/2019\/07\/Dokumendid-Huvikoolide-Liit.jpg\" data-elementor-open-lightbox=\"yes\" data-elementor-lightbox-title=\"Dokumendid - Huvikoolide Liit\" data-e-action-hash=\"#elementor-action%3Aaction%3Dlightbox%26settings%3DeyJpZCI6NTQxLCJ1cmwiOiJodHRwczpcL1wvaHV2aWtvb2xpZGVsaWl0LmVlXC93cC1jb250ZW50XC91cGxvYWRzXC8yMDE5XC8wN1wvRG9rdW1lbmRpZC1IdXZpa29vbGlkZS1MaWl0LmpwZyJ9\">\n\t\t\t\t\t\t\t<img fetchpriority=\"high\" decoding=\"async\" width=\"1200\" height=\"677\" src=\"https:\/\/spcdn.shortpixel.ai\/spio\/ret_img,q_cdnize,to_webp,s_webp\/huvikoolideliit.ee\/wp-content\/uploads\/2019\/07\/Dokumendid-Huvikoolide-Liit-1200x677.jpg\" class=\"attachment-large size-large wp-image-541\" alt=\"Dokumendid - Huvikoolide Liit\" srcset=\"https:\/\/spcdn.shortpixel.ai\/spio\/ret_img,q_cdnize,to_webp,s_webp\/huvikoolideliit.ee\/wp-content\/uploads\/2019\/07\/Dokumendid-Huvikoolide-Liit-1200x677.jpg 1200w, https:\/\/spcdn.shortpixel.ai\/spio\/ret_img,q_cdnize,to_webp,s_webp\/huvikoolideliit.ee\/wp-content\/uploads\/2019\/07\/Dokumendid-Huvikoolide-Liit-300x169.jpg 300w, https:\/\/spcdn.shortpixel.ai\/spio\/ret_img,q_cdnize,to_webp,s_webp\/huvikoolideliit.ee\/wp-content\/uploads\/2019\/07\/Dokumendid-Huvikoolide-Liit-16x9.jpg 16w, https:\/\/spcdn.shortpixel.ai\/spio\/ret_img,q_cdnize,to_webp,s_webp\/huvikoolideliit.ee\/wp-content\/uploads\/2019\/07\/Dokumendid-Huvikoolide-Liit.jpg 1280w, https:\/\/spcdn.shortpixel.ai\/spio\/ret_img,q_cdnize,to_webp,s_webp\/huvikoolideliit.ee\/wp-content\/uploads\/2019\/07\/Dokumendid-Huvikoolide-Liit-300x169@2x.jpg 600w, https:\/\/spcdn.shortpixel.ai\/spio\/ret_img,q_cdnize,to_webp,s_webp\/huvikoolideliit.ee\/wp-content\/uploads\/2019\/07\/Dokumendid-Huvikoolide-Liit-16x9@2x.jpg 32w\" sizes=\"(max-width: 1200px) 100vw, 1200px\" \/>\t\t\t\t\t\t\t\t<\/a>\n\t\t\t\t\t\t\t\t\t\t\t\t\t\t\t<\/div>\n\t\t\t\t<\/div>\n\t\t\t\t\t<\/div>\n\t\t<\/div>\n\t\t\t\t\t<\/div>\n\t\t<\/section>\n\t\t\t\t<\/div>","protected":false},"excerpt":{"rendered":"<p>Mittetulundus\u00fchingu Eesti Huvikoolide Liidu P\u00d5HIKIRI Eesti Huvikoolide Liidu ARENGUKAVA 2021 &#8211; 2025 SEADUSED Haridusseadus Noorsoot\u00f6\u00f6 seadus Huvikooli seadus Alaealise m\u00f5jutusvahendite seadus Erakooliseadus M\u00c4\u00c4RUSED Huviharidusstandard Huvikooli seaduse ja huviharidusstandardi kommenteeritud versioon (2007) Avatud noortekeskuste, teavitamis- ja n\u00f5ustamiskeskuste ning huvikoolide infrastruktuuri kaasajastamise meetme tingimused ja investeeringute kava koostamise kord (perioodi 2007\u20132013 struktuuritoetus) N\u00c4IDISED (uuendamisel, pole hetkel k\u00e4ttesaadavad)&hellip;&nbsp;<a href=\"https:\/\/huvikoolideliit.ee\/ru\/dokumendid\/\" rel=\"bookmark\">\u041f\u043e\u0434\u0440\u043e\u0431\u043d\u0435\u0435 &raquo;<span class=\"screen-reader-text\">\u0414\u043e\u043a\u0443\u043c\u0435\u043d\u0442\u044b<\/span><\/a><\/p>","protected":false},"author":3,"featured_media":0,"parent":0,"menu_order":0,"comment_status":"closed","ping_status":"closed","template":"","meta":{"_uag_custom_page_level_css":"","_exactmetrics_skip_tracking":false,"_exactmetrics_sitenote_active":false,"_exactmetrics_sitenote_note":"","_exactmetrics_sitenote_category":0,"neve_meta_sidebar":"full-width","neve_meta_container":"contained","neve_meta_enable_content_width":"on","neve_meta_content_width":100,"neve_meta_title_alignment":"","neve_meta_author_avatar":"","neve_post_elements_order":"","neve_meta_disable_header":"","neve_meta_disable_footer":"","neve_meta_disable_title":"","footnotes":""},"class_list":["post-366","page","type-page","status-publish","hentry"],"uagb_featured_image_src":{"full":false,"thumbnail":false,"medium":false,"medium_large":false,"large":false,"1536x1536":false,"2048x2048":false,"trp-custom-language-flag":false,"neve-blog":false,"_nx_notification_thumb_100_100":false,"_nx_notification_thumb_200_200":false,"_nx_notification_thumb_300_300":false,"_nx_notification_thumb_400_400":false,"_nx_notification_thumb_500_500":false},"uagb_author_info":{"display_name":"Strat","author_link":"https:\/\/huvikoolideliit.ee\/ru\/author\/evelyn\/"},"uagb_comment_info":0,"uagb_excerpt":"Mittetulundus\u00fchingu Eesti Huvikoolide Liidu P\u00d5HIKIRI Eesti Huvikoolide Liidu ARENGUKAVA 2021 &#8211; 2025 SEADUSED Haridusseadus Noorsoot\u00f6\u00f6 seadus Huvikooli seadus Alaealise m\u00f5jutusvahendite seadus Erakooliseadus M\u00c4\u00c4RUSED Huviharidusstandard Huvikooli seaduse ja huviharidusstandardi kommenteeritud versioon (2007) Avatud noortekeskuste, teavitamis- ja n\u00f5ustamiskeskuste ning huvikoolide infrastruktuuri kaasajastamise meetme tingimused ja investeeringute kava koostamise kord (perioodi 2007\u20132013 struktuuritoetus) N\u00c4IDISED (uuendamisel, pole hetkel k\u00e4ttesaadavad)&hellip;&nbsp;\u041f\u043e\u0434\u0440\u043e\u0431\u043d\u0435\u0435&hellip;","_links":{"self":[{"href":"https:\/\/huvikoolideliit.ee\/ru\/wp-json\/wp\/v2\/pages\/366","targetHints":{"allow":["GET"]}}],"collection":[{"href":"https:\/\/huvikoolideliit.ee\/ru\/wp-json\/wp\/v2\/pages"}],"about":[{"href":"https:\/\/huvikoolideliit.ee\/ru\/wp-json\/wp\/v2\/types\/page"}],"author":[{"embeddable":true,"href":"https:\/\/huvikoolideliit.ee\/ru\/wp-json\/wp\/v2\/users\/3"}],"replies":[{"embeddable":true,"href":"https:\/\/huvikoolideliit.ee\/ru\/wp-json\/wp\/v2\/comments?post=366"}],"version-history":[{"count":36,"href":"https:\/\/huvikoolideliit.ee\/ru\/wp-json\/wp\/v2\/pages\/366\/revisions"}],"predecessor-version":[{"id":8561,"href":"https:\/\/huvikoolideliit.ee\/ru\/wp-json\/wp\/v2\/pages\/366\/revisions\/8561"}],"wp:attachment":[{"href":"https:\/\/huvikoolideliit.ee\/ru\/wp-json\/wp\/v2\/media?parent=366"}],"curies":[{"name":"wp","href":"https:\/\/api.w.org\/{rel}","templated":true}]}}